{"id":8842,"date":"2023-02-28T10:17:10","date_gmt":"2023-02-28T10:17:10","guid":{"rendered":"https:\/\/dev.jordilabanda.com\/my-account\/"},"modified":"2024-06-19T09:32:24","modified_gmt":"2024-06-19T09:32:24","slug":"my-account","status":"publish","type":"page","link":"https:\/\/www.jordilabanda.com\/en\/my-account\/","title":{"rendered":"My Account"},"content":{"rendered":"\t\t<div data-elementor-type=\"wp-page\" data-elementor-id=\"8842\" class=\"elementor elementor-8842 elementor-52\" data-elementor-post-type=\"page\">\n\t\t\t\t\t\t<section class=\"elementor-section elementor-top-section elementor-element elementor-element-5a1a2eb6 elementor-section-boxed elementor-section-height-default elementor-section-height-default\" data-id=\"5a1a2eb6\" data-element_type=\"section\" data-e-type=\"section\">\n\t\t\t\t\t\t<div class=\"elementor-container elementor-column-gap-no\">\n\t\t\t\t\t<div class=\"elementor-column elementor-col-100 elementor-top-column elementor-element elementor-element-7e9d892c\" data-id=\"7e9d892c\" data-element_type=\"column\" data-e-type=\"column\">\n\t\t\t<div class=\"elementor-widget-wrap elementor-element-populated\">\n\t\t\t\t\t\t<div class=\"elementor-element elementor-element-524057c3 elementor-invisible elementor-widget elementor-widget-heading\" data-id=\"524057c3\" data-element_type=\"widget\" data-e-type=\"widget\" data-settings=\"{&quot;_animation&quot;:&quot;fadeInUp&quot;}\" data-widget_type=\"heading.default\">\n\t\t\t\t<div class=\"elementor-widget-container\">\n\t\t\t\t\t<h1 class=\"elementor-heading-title elementor-size-default\">My account<\/h1>\t\t\t\t<\/div>\n\t\t\t\t<\/div>\n\t\t\t\t<div class=\"elementor-element elementor-element-6888103d e-my-account-tabs-vertical elementor-widget elementor-widget-woocommerce-my-account\" data-id=\"6888103d\" data-element_type=\"widget\" data-e-type=\"widget\" data-widget_type=\"woocommerce-my-account.default\">\n\t\t\t\t<div class=\"elementor-widget-container\">\n\t\t\t\t\t<div class=\"e-my-account-tab e-my-account-tab__ \">\t\t\t<div class=\"woocommerce\"><\/div>\t\t<\/div>\n\t\t\t\t\t\t<\/div>\n\t\t\t\t<\/div>\n\t\t\t\t\t<\/div>\n\t\t<\/div>\n\t\t\t\t\t<\/div>\n\t\t<\/section>\n\t\t\t\t<\/div>\n\t\t","protected":false},"excerpt":{"rendered":"<p>My account Escritorio Pedidos Descargas Direcci\u00f3n M\u00e9todos de pago Detalles de cuenta Salir Hola Ruth Gasc\u00f3n (\u00bfno eres Ruth Gasc\u00f3n? Cerrar sesi\u00f3n) Desde el escritorio de tu cuenta puedes ver tus pedidos recientes, gestionar tus direcciones de env\u00edo y facturaci\u00f3n y editar tu contrase\u00f1a y los detalles de tu cuenta.<\/p>\n","protected":false},"author":2,"featured_media":0,"parent":0,"menu_order":0,"comment_status":"closed","ping_status":"closed","template":"elementor_header_footer","meta":{"_mo_disable_npp":"","footnotes":""},"class_list":["post-8842","page","type-page","status-publish","hentry"],"yoast_head":"<!-- This site is optimized with the Yoast SEO plugin v27.4 - https:\/\/yoast.com\/product\/yoast-seo-wordpress\/ -->\n<title>My Account - Jordi Labanda<\/title>\n<meta name=\"robots\" content=\"noindex, follow\" \/>\n<meta property=\"og:locale\" content=\"en_US\" \/>\n<meta property=\"og:type\" content=\"article\" \/>\n<meta property=\"og:title\" content=\"My Account - Jordi Labanda\" \/>\n<meta property=\"og:description\" content=\"My account Escritorio Pedidos Descargas Direcci\u00f3n M\u00e9todos de pago Detalles de cuenta Salir Hola Ruth Gasc\u00f3n (\u00bfno eres Ruth Gasc\u00f3n? Cerrar sesi\u00f3n) Desde el escritorio de tu cuenta puedes ver tus pedidos recientes, gestionar tus direcciones de env\u00edo y facturaci\u00f3n y editar tu contrase\u00f1a y los detalles de tu cuenta.\" \/>\n<meta property=\"og:url\" content=\"https:\/\/www.jordilabanda.com\/en\/my-account\/\" \/>\n<meta property=\"og:site_name\" content=\"Jordi Labanda\" \/>\n<meta property=\"article:publisher\" content=\"https:\/\/www.facebook.com\/jordilabanda\/\" \/>\n<meta property=\"article:modified_time\" content=\"2024-06-19T09:32:24+00:00\" \/>\n<meta name=\"twitter:card\" content=\"summary_large_image\" \/>\n<meta name=\"twitter:label1\" content=\"Est. reading time\" \/>\n\t<meta name=\"twitter:data1\" content=\"1 minute\" \/>\n<script type=\"application\/ld+json\" class=\"yoast-schema-graph\">{\"@context\":\"https:\\\/\\\/schema.org\",\"@graph\":[{\"@type\":\"WebPage\",\"@id\":\"https:\\\/\\\/www.jordilabanda.com\\\/en\\\/my-account\\\/\",\"url\":\"https:\\\/\\\/www.jordilabanda.com\\\/en\\\/my-account\\\/\",\"name\":\"My Account - Jordi Labanda\",\"isPartOf\":{\"@id\":\"https:\\\/\\\/www.jordilabanda.com\\\/#website\"},\"datePublished\":\"2023-02-28T10:17:10+00:00\",\"dateModified\":\"2024-06-19T09:32:24+00:00\",\"breadcrumb\":{\"@id\":\"https:\\\/\\\/www.jordilabanda.com\\\/en\\\/my-account\\\/#breadcrumb\"},\"inLanguage\":\"en-US\",\"potentialAction\":[{\"@type\":\"ReadAction\",\"target\":[\"https:\\\/\\\/www.jordilabanda.com\\\/en\\\/my-account\\\/\"]}]},{\"@type\":\"BreadcrumbList\",\"@id\":\"https:\\\/\\\/www.jordilabanda.com\\\/en\\\/my-account\\\/#breadcrumb\",\"itemListElement\":[{\"@type\":\"ListItem\",\"position\":1,\"name\":\"Portada\",\"item\":\"https:\\\/\\\/www.jordilabanda.com\\\/\"},{\"@type\":\"ListItem\",\"position\":2,\"name\":\"My Account\"}]},{\"@type\":\"WebSite\",\"@id\":\"https:\\\/\\\/www.jordilabanda.com\\\/#website\",\"url\":\"https:\\\/\\\/www.jordilabanda.com\\\/\",\"name\":\"Jordi Labanda\",\"description\":\"Ilustrador de moda y publicidad\",\"publisher\":{\"@id\":\"https:\\\/\\\/www.jordilabanda.com\\\/#organization\"},\"potentialAction\":[{\"@type\":\"SearchAction\",\"target\":{\"@type\":\"EntryPoint\",\"urlTemplate\":\"https:\\\/\\\/www.jordilabanda.com\\\/?s={search_term_string}\"},\"query-input\":{\"@type\":\"PropertyValueSpecification\",\"valueRequired\":true,\"valueName\":\"search_term_string\"}}],\"inLanguage\":\"en-US\"},{\"@type\":\"Organization\",\"@id\":\"https:\\\/\\\/www.jordilabanda.com\\\/#organization\",\"name\":\"Jordi Labanda\",\"url\":\"https:\\\/\\\/www.jordilabanda.com\\\/\",\"logo\":{\"@type\":\"ImageObject\",\"inLanguage\":\"en-US\",\"@id\":\"https:\\\/\\\/www.jordilabanda.com\\\/#\\\/schema\\\/logo\\\/image\\\/\",\"url\":\"https:\\\/\\\/www.jordilabanda.com\\\/\\\/wp-content\\\/uploads\\\/2023\\\/02\\\/firmaJL-1.jpg\",\"contentUrl\":\"https:\\\/\\\/www.jordilabanda.com\\\/\\\/wp-content\\\/uploads\\\/2023\\\/02\\\/firmaJL-1.jpg\",\"width\":2289,\"height\":750,\"caption\":\"Jordi Labanda\"},\"image\":{\"@id\":\"https:\\\/\\\/www.jordilabanda.com\\\/#\\\/schema\\\/logo\\\/image\\\/\"},\"sameAs\":[\"https:\\\/\\\/www.facebook.com\\\/jordilabanda\\\/\",\"https:\\\/\\\/www.instagram.com\\\/jordilabanda\\\/\"]}]}<\/script>\n<!-- \/ Yoast SEO plugin. -->","yoast_head_json":{"title":"My Account - Jordi Labanda","robots":{"index":"noindex","follow":"follow"},"og_locale":"en_US","og_type":"article","og_title":"My Account - Jordi Labanda","og_description":"My account Escritorio Pedidos Descargas Direcci\u00f3n M\u00e9todos de pago Detalles de cuenta Salir Hola Ruth Gasc\u00f3n (\u00bfno eres Ruth Gasc\u00f3n? Cerrar sesi\u00f3n) Desde el escritorio de tu cuenta puedes ver tus pedidos recientes, gestionar tus direcciones de env\u00edo y facturaci\u00f3n y editar tu contrase\u00f1a y los detalles de tu cuenta.","og_url":"https:\/\/www.jordilabanda.com\/en\/my-account\/","og_site_name":"Jordi Labanda","article_publisher":"https:\/\/www.facebook.com\/jordilabanda\/","article_modified_time":"2024-06-19T09:32:24+00:00","twitter_card":"summary_large_image","twitter_misc":{"Est. reading time":"1 minute"},"schema":{"@context":"https:\/\/schema.org","@graph":[{"@type":"WebPage","@id":"https:\/\/www.jordilabanda.com\/en\/my-account\/","url":"https:\/\/www.jordilabanda.com\/en\/my-account\/","name":"My Account - Jordi Labanda","isPartOf":{"@id":"https:\/\/www.jordilabanda.com\/#website"},"datePublished":"2023-02-28T10:17:10+00:00","dateModified":"2024-06-19T09:32:24+00:00","breadcrumb":{"@id":"https:\/\/www.jordilabanda.com\/en\/my-account\/#breadcrumb"},"inLanguage":"en-US","potentialAction":[{"@type":"ReadAction","target":["https:\/\/www.jordilabanda.com\/en\/my-account\/"]}]},{"@type":"BreadcrumbList","@id":"https:\/\/www.jordilabanda.com\/en\/my-account\/#breadcrumb","itemListElement":[{"@type":"ListItem","position":1,"name":"Portada","item":"https:\/\/www.jordilabanda.com\/"},{"@type":"ListItem","position":2,"name":"My Account"}]},{"@type":"WebSite","@id":"https:\/\/www.jordilabanda.com\/#website","url":"https:\/\/www.jordilabanda.com\/","name":"Jordi Labanda","description":"Ilustrador de moda y publicidad","publisher":{"@id":"https:\/\/www.jordilabanda.com\/#organization"},"potentialAction":[{"@type":"SearchAction","target":{"@type":"EntryPoint","urlTemplate":"https:\/\/www.jordilabanda.com\/?s={search_term_string}"},"query-input":{"@type":"PropertyValueSpecification","valueRequired":true,"valueName":"search_term_string"}}],"inLanguage":"en-US"},{"@type":"Organization","@id":"https:\/\/www.jordilabanda.com\/#organization","name":"Jordi Labanda","url":"https:\/\/www.jordilabanda.com\/","logo":{"@type":"ImageObject","inLanguage":"en-US","@id":"https:\/\/www.jordilabanda.com\/#\/schema\/logo\/image\/","url":"https:\/\/www.jordilabanda.com\/\/wp-content\/uploads\/2023\/02\/firmaJL-1.jpg","contentUrl":"https:\/\/www.jordilabanda.com\/\/wp-content\/uploads\/2023\/02\/firmaJL-1.jpg","width":2289,"height":750,"caption":"Jordi Labanda"},"image":{"@id":"https:\/\/www.jordilabanda.com\/#\/schema\/logo\/image\/"},"sameAs":["https:\/\/www.facebook.com\/jordilabanda\/","https:\/\/www.instagram.com\/jordilabanda\/"]}]}},"_links":{"self":[{"href":"https:\/\/www.jordilabanda.com\/en\/wp-json\/wp\/v2\/pages\/8842","targetHints":{"allow":["GET"]}}],"collection":[{"href":"https:\/\/www.jordilabanda.com\/en\/wp-json\/wp\/v2\/pages"}],"about":[{"href":"https:\/\/www.jordilabanda.com\/en\/wp-json\/wp\/v2\/types\/page"}],"author":[{"embeddable":true,"href":"https:\/\/www.jordilabanda.com\/en\/wp-json\/wp\/v2\/users\/2"}],"replies":[{"embeddable":true,"href":"https:\/\/www.jordilabanda.com\/en\/wp-json\/wp\/v2\/comments?post=8842"}],"version-history":[{"count":0,"href":"https:\/\/www.jordilabanda.com\/en\/wp-json\/wp\/v2\/pages\/8842\/revisions"}],"wp:attachment":[{"href":"https:\/\/www.jordilabanda.com\/en\/wp-json\/wp\/v2\/media?parent=8842"}],"curies":[{"name":"wp","href":"https:\/\/api.w.org\/{rel}","templated":true}]}}